{"id":7,"date":"2023-05-04T11:51:37","date_gmt":"2023-05-04T11:51:37","guid":{"rendered":"https:\/\/mantenimientodechimeneas.co\/?page_id=7"},"modified":"2024-06-18T17:01:07","modified_gmt":"2024-06-18T17:01:07","slug":"inicio","status":"publish","type":"page","link":"https:\/\/mantenimientodechimeneas.co\/","title":{"rendered":"Inicio"},"content":{"rendered":"<p>[et_pb_section fb_built=&#8221;1&#8243; admin_label=&#8221;Header&#8221; _builder_version=&#8221;4.19.4&#8243; _module_preset=&#8221;default&#8221; use_background_color_gradient=&#8221;on&#8221; background_color_gradient_type=&#8221;elliptical&#8221; background_color_gradient_direction_radial=&#8221;left&#8221; background_color_gradient_stops=&#8221;rgba(255,255,255,0) 1%|rgba(13, 35, 45, 0.6) 100%|rgba(13,35,45,0.6) 100%|rgba(255,255,255,0) 100%&#8221; background_image=&#8221;https:\/\/mantenimientodechimeneas.co\/wp-content\/uploads\/2023\/10\/chipenea-tipo-piso-min-scaled.jpg&#8221; custom_padding=&#8221;200px||200px||false|false&#8221; bottom_divider_style=&#8221;clouds&#8221; bottom_divider_color=&#8221;#FFFFFF&#8221; bottom_divider_height=&#8221;98px&#8221; background_last_edited=&#8221;on|phone&#8221; background_position_tablet=&#8221;center_right&#8221; background_position_phone=&#8221;bottom_right&#8221; background_horizontal_offset_phone=&#8221;3%&#8221; background_vertical_offset_phone=&#8221;16%&#8221; locked=&#8221;off&#8221; collapsed=&#8221;on&#8221; global_colors_info=&#8221;{}&#8221;][et_pb_row _builder_version=&#8221;4.17.6&#8243; _module_preset=&#8221;default&#8221; max_width=&#8221;800px&#8221; global_colors_info=&#8221;{}&#8221;][et_pb_column type=&#8221;4_4&#8243; _builder_version=&#8221;4.17.4&#8243; _module_preset=&#8221;default&#8221; global_colors_info=&#8221;{}&#8221;][et_pb_text _builder_version=&#8221;4.19.4&#8243; _module_preset=&#8221;c9c4574d-66da-4074-bc01-a39a90242834&#8243; header_font=&#8221;Roboto|700||on|||||&#8221; header_text_align=&#8221;center&#8221; header_text_color=&#8221;#FFFFFF&#8221; header_font_size=&#8221;50px&#8221; header_line_height=&#8221;1.15em&#8221; text_orientation=&#8221;center&#8221; header_font_size_tablet=&#8221;50px&#8221; header_font_size_phone=&#8221;30px&#8221; header_font_size_last_edited=&#8221;on|phone&#8221; global_colors_info=&#8221;{}&#8221;]<\/p>\n<h1>CHIMENEAS A GAS\u00a0<\/h1>\n<p>[\/et_pb_text][et_pb_text _builder_version=&#8221;4.19.4&#8243; _module_preset=&#8221;default&#8221; header_4_text_color=&#8221;#E02B20&#8243; header_4_font_size=&#8221;21px&#8221; global_colors_info=&#8221;{}&#8221;]<\/p>\n<h4 style=\"text-align: center;\"><span style=\"color: #ffffff;\">Nuestras Chimeneas a Gas agregan un punto focal \u00fanico y exclusivo a cualquier espacio, utilizando los mejores materiales y acabado con mecanismos eficientes en cuanto al calor. No se requiere salida de humo por lo que la instalacion es r\u00e1pida y sencilla.<\/span><\/h4>\n<p>[\/et_pb_text][et_pb_button button_url=&#8221;https:\/\/wa.me\/3028420509&#8243; url_new_window=&#8221;on&#8221; button_text=&#8221;Cont\u00e1ctanos:  3028420509&#8243; button_alignment=&#8221;center&#8221; _builder_version=&#8221;4.19.4&#8243; _module_preset=&#8221;default&#8221; custom_button=&#8221;on&#8221; button_text_color=&#8221;#FFFFFF&#8221; button_bg_color=&#8221;#E02B20&#8243; button_border_width=&#8221;3px&#8221; global_colors_info=&#8221;{}&#8221;][\/et_pb_button][\/et_pb_column][\/et_pb_row][\/et_pb_section][et_pb_section fb_built=&#8221;1&#8243; _builder_version=&#8221;4.19.4&#8243; _module_preset=&#8221;default&#8221; global_colors_info=&#8221;{}&#8221;][et_pb_row _builder_version=&#8221;4.19.4&#8243; _module_preset=&#8221;default&#8221; global_colors_info=&#8221;{}&#8221;][et_pb_column type=&#8221;4_4&#8243; _builder_version=&#8221;4.19.4&#8243; _module_preset=&#8221;default&#8221; global_colors_info=&#8221;{}&#8221;][et_pb_text _builder_version=&#8221;4.19.4&#8243; _module_preset=&#8221;default&#8221; header_font_size=&#8221;40px&#8221; custom_margin=&#8221;-75px||||false|false&#8221; global_colors_info=&#8221;{}&#8221;]<\/p>\n<h1 style=\"text-align: center;\"><span style=\"color: #ff0000;\">Nuestros servicios<\/span><\/h1>\n<p>[\/et_pb_text][\/et_pb_column][\/et_pb_row][\/et_pb_section][et_pb_section fb_built=&#8221;1&#8243; _builder_version=&#8221;4.19.4&#8243; _module_preset=&#8221;default&#8221; custom_margin=&#8221;-107px||||false|false&#8221; border_width_bottom=&#8221;3px&#8221; border_color_bottom=&#8221;#E02B20&#8243; global_colors_info=&#8221;{}&#8221;][et_pb_row column_structure=&#8221;1_2,1_2&#8243; _builder_version=&#8221;4.19.4&#8243; _module_preset=&#8221;default&#8221; transform_scale=&#8221;94%|94%&#8221; global_colors_info=&#8221;{}&#8221;][et_pb_column type=&#8221;1_2&#8243; _builder_version=&#8221;4.19.4&#8243; _module_preset=&#8221;default&#8221; global_colors_info=&#8221;{}&#8221;][et_pb_blurb title=&#8221;Mantenimiento de Chimeneas a Gas&#8221; image=&#8221;https:\/\/mantenimientodechimeneas.co\/wp-content\/uploads\/2023\/05\/mantenimiento-chimeneas-a-gas-1-min.png&#8221; alt=&#8221;persianas bogota&#8221; title_tablet=&#8221;Mantenimiento de Chimeneas a Gas&#8221; title_phone=&#8221;Mantenimiento de Chimeneas a Gas&#8221; title_last_edited=&#8221;on|phone&#8221; _builder_version=&#8221;4.19.4&#8243; _module_preset=&#8221;default&#8221; transform_scale=&#8221;134%|140%&#8221; width=&#8221;73.7%&#8221; custom_margin=&#8221;19px|||36px|false|false&#8221; custom_padding=&#8221;8px|19px|0px|15px|false|false&#8221; global_colors_info=&#8221;{}&#8221;]<\/p>\n<p style=\"text-align: justify;\"><span>Contamos con personal calificado en todas las marcas de chimeneas a gas, capacitados por el sena y por nuestra compa\u00f1ia para brindarle una atencion oportuna y garantizada en el menor tiempo posible.<\/span><\/p>\n<p>[\/et_pb_blurb][et_pb_button button_url=&#8221;https:\/\/www.mantenimientodechimeneas.co\/index.php\/mantenimiento-de-chimeneas\/&#8221; button_text=&#8221;M\u00e1s informaci\u00f3n&#8221; button_alignment=&#8221;center&#8221; button_text_tablet=&#8221;M\u00e1s informaci\u00f3n&#8221; button_text_phone=&#8221;M\u00e1s informaci\u00f3n&#8221; button_text_last_edited=&#8221;on|desktop&#8221; _builder_version=&#8221;4.19.4&#8243; _module_preset=&#8221;default&#8221; custom_button=&#8221;on&#8221; button_text_color=&#8221;#FFFFFF&#8221; button_bg_color=&#8221;#E02B20&#8243; button_border_width=&#8221;3px&#8221; custom_margin=&#8221;150px|||9px|false|false&#8221; custom_padding=&#8221;1px||8px||false|false&#8221; global_colors_info=&#8221;{}&#8221;][\/et_pb_button][\/et_pb_column][et_pb_column type=&#8221;1_2&#8243; _builder_version=&#8221;4.19.4&#8243; _module_preset=&#8221;default&#8221; global_colors_info=&#8221;{}&#8221;][et_pb_blurb title=&#8221;Venta de Chimeneas a Gas&#8221; image=&#8221;https:\/\/mantenimientodechimeneas.co\/wp-content\/uploads\/2023\/05\/mantenimiento-chimeneas-a-gas-min.png&#8221; alt=&#8221;venta de chimeneas&#8221; _builder_version=&#8221;4.19.4&#8243; _module_preset=&#8221;default&#8221; transform_scale=&#8221;110%|104%&#8221; transform_scale_tablet=&#8221;110%|104%&#8221; transform_scale_phone=&#8221;110%|104%&#8221; transform_scale_last_edited=&#8221;on|phone&#8221; transform_translate_tablet=&#8221;&#8221; transform_translate_phone=&#8221;&#8221; transform_translate_last_edited=&#8221;on|phone&#8221; transform_rotate_tablet=&#8221;&#8221; transform_rotate_phone=&#8221;&#8221; transform_rotate_last_edited=&#8221;on|phone&#8221; transform_skew_tablet=&#8221;&#8221; transform_skew_phone=&#8221;&#8221; transform_skew_last_edited=&#8221;on|phone&#8221; transform_origin_tablet=&#8221;&#8221; transform_origin_phone=&#8221;&#8221; transform_origin_last_edited=&#8221;on|phone&#8221; transform_styles_last_edited=&#8221;on|phone&#8221; width=&#8221;87%&#8221; custom_margin=&#8221;-43px||9px|72px|false|false&#8221; custom_margin_tablet=&#8221;76px||||false|false&#8221; custom_margin_phone=&#8221;6px||9px|13px|false|false&#8221; custom_margin_last_edited=&#8221;on|tablet&#8221; custom_padding=&#8221;2px|0px|25px|0px|false|false&#8221; transform_styles_tablet=&#8221;&#8221; transform_styles_phone=&#8221;&#8221; global_colors_info=&#8221;{}&#8221;]<\/p>\n<p><span>Crea tu Chimenea de gas personalizada en cualquier forma, tama\u00f1o y ubicaci\u00f3n con la asesor\u00eda de nuestro equipo de dise\u00f1o podr\u00e1s ajustar las proporciones y el estilo de decoraci\u00f3n del espacio que has so\u00f1ado.<\/span><\/p>\n<p>En chimeneas manejamos linea premium, chimeneas importadas directamente de Estados unidos para ofrecerte un buen producto, seguro, confiable.<\/p>\n<p>&nbsp;<\/p>\n<p>[\/et_pb_blurb][et_pb_button button_url=&#8221;https:\/\/www.mantenimientodechimeneas.co\/index.php\/chimeneas\/&#8221; button_text=&#8221;Mas informaci\u00f3n&#8221; button_alignment=&#8221;center&#8221; _builder_version=&#8221;4.19.4&#8243; _module_preset=&#8221;default&#8221; custom_button=&#8221;on&#8221; button_text_color=&#8221;#FFFFFF&#8221; button_bg_color=&#8221;#E02B20&#8243; button_border_width=&#8221;3px&#8221; custom_margin=&#8221;-42px||||false|false&#8221; custom_padding=&#8221;5px||||false|false&#8221; global_colors_info=&#8221;{}&#8221;][\/et_pb_button][\/et_pb_column][\/et_pb_row][\/et_pb_section][et_pb_section fb_built=&#8221;1&#8243; admin_label=&#8221;Text&#8221; _builder_version=&#8221;4.19.4&#8243; _module_preset=&#8221;default&#8221; background_color=&#8221;RGBA(255,255,255,0)&#8221; background_image=&#8221;https:\/\/mantenimientodechimeneas.co\/wp-content\/uploads\/2023\/10\/18-min.png&#8221; parallax=&#8221;on&#8221; background_blend=&#8221;darken&#8221; custom_margin=&#8221;-42px||-297px||false|false&#8221; custom_padding=&#8221;7.3%||7.3%||true|false&#8221; background_color_phone=&#8221;RGBA(255,255,255,0)&#8221; background_last_edited=&#8221;on|desktop&#8221; background_enable_color_phone=&#8221;on&#8221; use_background_color_gradient_phone=&#8221;on&#8221; background_color_gradient_type_phone=&#8221;circular&#8221; background_color_gradient_stops_phone=&#8221;#ffffff 0%|#000000 86%&#8221; background_color_gradient_unit_phone=&#8221;%&#8221; parallax_phone=&#8221;off&#8221; background_position_phone=&#8221;bottom_left&#8221; background_horizontal_offset_phone=&#8221;4%&#8221; background_vertical_offset_phone=&#8221;10%&#8221; collapsed=&#8221;on&#8221; global_colors_info=&#8221;{}&#8221;][et_pb_row column_structure=&#8221;2_3,1_3&#8243; use_custom_gutter=&#8221;on&#8221; _builder_version=&#8221;4.19.4&#8243; _module_preset=&#8221;default&#8221; transform_scale=&#8221;80%|80%&#8221; width=&#8221;100%&#8221; max_width=&#8221;2560px&#8221; module_alignment=&#8221;center&#8221; custom_margin=&#8221;|357px||auto||&#8221; custom_padding=&#8221;|0px||||&#8221; global_colors_info=&#8221;{}&#8221;][et_pb_column type=&#8221;2_3&#8243; _builder_version=&#8221;4.17.6&#8243; _module_preset=&#8221;default&#8221; global_colors_info=&#8221;{}&#8221;][et_pb_text _builder_version=&#8221;4.19.4&#8243; _module_preset=&#8221;default&#8221; text_font=&#8221;Roboto|900|||||||&#8221; text_text_color=&#8221;#E02B20&#8243; text_font_size=&#8221;18px&#8221; header_font=&#8221;Roboto|900|||||||&#8221; header_text_align=&#8221;left&#8221; header_font_size=&#8221;50px&#8221; global_colors_info=&#8221;{}&#8221;]<\/p>\n<h1><span style=\"color: #ffffff;\">Porqu\u00e9 nosotros?<\/span><\/h1>\n<p>[\/et_pb_text][et_pb_text _builder_version=&#8221;4.19.4&#8243; _module_preset=&#8221;default&#8221; text_font=&#8221;Roboto||||||||&#8221; text_font_size=&#8221;31px&#8221; text_line_height=&#8221;1.8em&#8221; text_orientation=&#8221;justified&#8221; global_colors_info=&#8221;{}&#8221;]<\/p>\n<p><span style=\"color: #ffffff;\">Somos una empresa dedicada a la venta y reparacion\u00a0 de chimeneas a gas\u00a0 basandonos en tus necesidades y estilo para asi lograr un ambiente armonioso y exclusivo con nuestros productos, cumpliendo un alto estandar de calidad tanto en venta como en reparacion de chimeneas\u00a0 para asegurar su duracion en el tiempo y comodidad de uso.<\/span><\/p>\n<p>[\/et_pb_text][et_pb_button button_url=&#8221;https:\/\/wa.me\/3028420509&#8243; url_new_window=&#8221;on&#8221; button_text=&#8221;Cu\u00e9ntanos como podemos ayudarte?&#8221; _builder_version=&#8221;4.19.4&#8243; _module_preset=&#8221;default&#8221; custom_button=&#8221;on&#8221; button_text_size=&#8221;26px&#8221; button_text_color=&#8221;#FFFFFF&#8221; button_bg_color=&#8221;#E02B20&#8243; button_border_width=&#8221;2px&#8221; button_text_size_tablet=&#8221;21px&#8221; button_text_size_phone=&#8221;17px&#8221; button_text_size_last_edited=&#8221;on|tablet&#8221; global_colors_info=&#8221;{}&#8221;][\/et_pb_button][\/et_pb_column][et_pb_column type=&#8221;1_3&#8243; _builder_version=&#8221;4.17.6&#8243; _module_preset=&#8221;default&#8221; global_colors_info=&#8221;{}&#8221;][\/et_pb_column][\/et_pb_row][\/et_pb_section][et_pb_section fb_built=&#8221;1&#8243; admin_label=&#8221;Footer&#8221; _builder_version=&#8221;4.19.4&#8243; _module_preset=&#8221;default&#8221; background_color=&#8221;#000000&#8243; background_enable_image=&#8221;off&#8221; background_size=&#8221;custom&#8221; background_image_width=&#8221;100%&#8221; background_blend=&#8221;overlay&#8221; min_height=&#8221;93.2px&#8221; custom_margin=&#8221;294px||-396px||false|false&#8221; custom_padding=&#8221;0px||97px||false|false&#8221; border_width_bottom=&#8221;3px&#8221; border_color_bottom=&#8221;#bd9e23&#8243; saved_tabs=&#8221;all&#8221; locked=&#8221;off&#8221; collapsed=&#8221;on&#8221; global_colors_info=&#8221;{}&#8221;][et_pb_row column_structure=&#8221;1_3,1_3,1_3&#8243; _builder_version=&#8221;4.19.4&#8243; _module_preset=&#8221;default&#8221; custom_margin=&#8221;16px|auto|68px|auto|false|false&#8221; custom_padding=&#8221;0px||19px||false|false&#8221; global_colors_info=&#8221;{}&#8221;][et_pb_column type=&#8221;1_3&#8243; _builder_version=&#8221;4.19.4&#8243; _module_preset=&#8221;default&#8221; global_colors_info=&#8221;{}&#8221;][et_pb_text _builder_version=&#8221;4.19.4&#8243; _module_preset=&#8221;default&#8221; custom_margin=&#8221;44px||-73px||false|false&#8221; custom_padding=&#8221;27px||||false|false&#8221; global_colors_info=&#8221;{}&#8221;]<\/p>\n<h2><span style=\"color: #ff0000;\">Nuestros Servicios:<\/span><\/h2>\n<p><span style=\"color: #ffffff;\">Venta de Chimeneas a Gas<\/span><\/p>\n<p><span style=\"color: #ffffff;\">Reparacion de Chimeneas a Gas<\/span><\/p>\n<p><span style=\"color: #ffffff;\">Mantenimiento de Chimeneas<\/span><\/p>\n<p>&nbsp;<\/p>\n<p>[\/et_pb_text][\/et_pb_column][et_pb_column type=&#8221;1_3&#8243; _builder_version=&#8221;4.19.4&#8243; _module_preset=&#8221;default&#8221; global_colors_info=&#8221;{}&#8221;][\/et_pb_column][et_pb_column type=&#8221;1_3&#8243; _builder_version=&#8221;4.19.4&#8243; _module_preset=&#8221;default&#8221; global_colors_info=&#8221;{}&#8221;][et_pb_text _builder_version=&#8221;4.19.4&#8243; _module_preset=&#8221;default&#8221; custom_margin=&#8221;67px|-20px|-60px||false|false&#8221; custom_padding=&#8221;0px|0px|3px||false|false&#8221; hover_enabled=&#8221;0&#8243; global_colors_info=&#8221;{}&#8221; sticky_enabled=&#8221;0&#8243;]<\/p>\n<h2><span style=\"color: #ff0000;\">Cont\u00e1ctanos:\u00a0<\/span><\/h2>\n<p><span style=\"color: #ffffff;\">Email: <a href=\"mailto:info@dekoradivino.com\" style=\"color: #ffffff;\">Chimeneasheatloft@gmail.com<\/a><\/span><\/p>\n<p><span style=\"color: #ffffff;\">Tel\u00e9fono: 3028420509<\/span><\/p>\n<p><span style=\"color: #ffffff;\">Sala de ventas: calle 132 Bis # 53-65<\/span><\/p>\n<p><span style=\"color: #ffffff;\">Calle 92 # 11-22 \/ Calle 122\u00a0 # 11C-37<\/span><\/p>\n<p><span style=\"color: #ffffff;\">Bogot\u00e1 Colombia<\/span><\/p>\n<p>[\/et_pb_text][\/et_pb_column][\/et_pb_row][\/et_pb_section]<\/p>\n","protected":false},"excerpt":{"rendered":"<p>CHIMENEAS A GAS\u00a0Nuestras Chimeneas a Gas agregan un punto focal \u00fanico y exclusivo a cualquier espacio, utilizando los mejores materiales y acabado con mecanismos eficientes en cuanto al calor. No se requiere salida de humo por lo que la instalacion es r\u00e1pida y sencilla.Nuestros serviciosContamos con personal calificado en todas las marcas de chimeneas a [&hellip;]<\/p>\n","protected":false},"author":1,"featured_media":0,"parent":0,"menu_order":0,"comment_status":"closed","ping_status":"closed","template":"","meta":{"_et_pb_use_builder":"on","_et_pb_old_content":"","_et_gb_content_width":"","footnotes":"","_joinchat":[]},"_links":{"self":[{"href":"https:\/\/mantenimientodechimeneas.co\/index.php\/wp-json\/wp\/v2\/pages\/7"}],"collection":[{"href":"https:\/\/mantenimientodechimeneas.co\/index.php\/wp-json\/wp\/v2\/pages"}],"about":[{"href":"https:\/\/mantenimientodechimeneas.co\/index.php\/wp-json\/wp\/v2\/types\/page"}],"author":[{"embeddable":true,"href":"https:\/\/mantenimientodechimeneas.co\/index.php\/wp-json\/wp\/v2\/users\/1"}],"replies":[{"embeddable":true,"href":"https:\/\/mantenimientodechimeneas.co\/index.php\/wp-json\/wp\/v2\/comments?post=7"}],"version-history":[{"count":29,"href":"https:\/\/mantenimientodechimeneas.co\/index.php\/wp-json\/wp\/v2\/pages\/7\/revisions"}],"predecessor-version":[{"id":169,"href":"https:\/\/mantenimientodechimeneas.co\/index.php\/wp-json\/wp\/v2\/pages\/7\/revisions\/169"}],"wp:attachment":[{"href":"https:\/\/mantenimientodechimeneas.co\/index.php\/wp-json\/wp\/v2\/media?parent=7"}],"curies":[{"name":"wp","href":"https:\/\/api.w.org\/{rel}","templated":true}]}}